{"id":203,"date":"2025-02-14T15:06:34","date_gmt":"2025-02-14T14:06:34","guid":{"rendered":"https:\/\/www.finanzschweinchen.at\/?page_id=203"},"modified":"2025-02-14T15:40:58","modified_gmt":"2025-02-14T14:40:58","slug":"ueber-uns","status":"publish","type":"page","link":"https:\/\/www.finanzschweinchen.at\/?page_id=203","title":{"rendered":"\u00dcber uns"},"content":{"rendered":"\n<h1 class=\"wp-block-heading alignwide\">\u00dcber uns<\/h1>\n\n\n\n<h3 class=\"wp-block-heading alignwide has-text-align-left\"><strong>\u00dcber mich \u2013 Christoph Romstorfer<\/strong><\/h3>\n\n\n\n<div class=\"wp-block-columns alignwide is-layout-flex wp-container-core-columns-is-layout-28f84493 wp-block-columns-is-layout-flex\">\n<div class=\"wp-block-column is-layout-flow wp-block-column-is-layout-flow\">\n<p class=\"has-text-align-left\">Mein Name ist Christoph Romstorfer, und ich habe FinanzSchweinchen im Januar 2024 als \u00dcbungsprojekt gestartet \u2013 damals noch als station\u00e4res PC-Programm. Die Idee dazu kam mir, weil ich schon immer ein kleiner <strong>Sparefroh<\/strong> war und meine eigenen Finanzen lange Zeit \u00fcber ein <strong>Excel-Sheet<\/strong> verwaltet habe. Doch irgendwann wurde mir das zu umst\u00e4ndlich \u2013 und so entstand FinanzSchweinchen.<\/p>\n\n\n\n<p class=\"has-text-align-left\">Mit der Zeit entwickelte sich aus dem einfachen Programm eine <strong>webbasierte L\u00f6sung<\/strong>, die es erm\u00f6glicht, <strong>Ausgaben \u00fcbersichtlich zu erfassen<\/strong>. Mein Ziel war es von Anfang an, eine <strong>praxisnahe und benutzerfreundliche Anwendung<\/strong> zu entwickeln, die ohne komplizierte Einrichtung funktioniert.<\/p>\n\n\n\n<p class=\"has-text-align-left\">Hauptberuflich arbeite ich in einer <strong>Softwarefirma in Nieder\u00f6sterreich<\/strong>, wo ich t\u00e4glich mit Technologie und Entwicklung zu tun habe. FinanzSchweinchen ist f\u00fcr mich ein Herzensprojekt, das ich stetig weiterentwickle, um es noch besser und n\u00fctzlicher zu machen.<\/p>\n<\/div>\n<\/div>\n\n\n\n<p class=\"has-text-align-center\"><br><a href=\"https:\/\/www.finanzschweinchen.at\/?page_id=212\">Datenschutz<\/a><br><a href=\"https:\/\/www.finanzschweinchen.at\/?page_id=221\">Kontakt<\/a><\/p>\n\n\n\n<p class=\"has-text-align-center\">\u00a9 2024 FinanzSchweinchen \u2013 Alle Rechte vorbehalten.<\/p>\n\n\n\n<p><\/p>\n","protected":false},"excerpt":{"rendered":"<p>\u00dcber uns \u00dcber mich \u2013 Christoph Romstorfer Mein Name ist Christoph Romstorfer, und ich habe FinanzSchweinchen im Januar 2024 als \u00dcbungsprojekt gestartet \u2013 damals noch als station\u00e4res PC-Programm. Die Idee dazu kam mir, weil ich schon immer ein kleiner Sparefroh war und meine eigenen Finanzen lange Zeit \u00fcber ein Excel-Sheet verwaltet habe. Doch irgendwann wurde [&hellip;]<\/p>\n","protected":false},"author":1,"featured_media":0,"parent":0,"menu_order":0,"comment_status":"closed","ping_status":"closed","template":"page-no-title","meta":{"footnotes":""},"class_list":["post-203","page","type-page","status-publish","hentry"],"_links":{"self":[{"href":"https:\/\/www.finanzschweinchen.at\/index.php?rest_route=\/wp\/v2\/pages\/203","targetHints":{"allow":["GET"]}}],"collection":[{"href":"https:\/\/www.finanzschweinchen.at\/index.php?rest_route=\/wp\/v2\/pages"}],"about":[{"href":"https:\/\/www.finanzschweinchen.at\/index.php?rest_route=\/wp\/v2\/types\/page"}],"author":[{"embeddable":true,"href":"https:\/\/www.finanzschweinchen.at\/index.php?rest_route=\/wp\/v2\/users\/1"}],"replies":[{"embeddable":true,"href":"https:\/\/www.finanzschweinchen.at\/index.php?rest_route=%2Fwp%2Fv2%2Fcomments&post=203"}],"version-history":[{"count":4,"href":"https:\/\/www.finanzschweinchen.at\/index.php?rest_route=\/wp\/v2\/pages\/203\/revisions"}],"predecessor-version":[{"id":229,"href":"https:\/\/www.finanzschweinchen.at\/index.php?rest_route=\/wp\/v2\/pages\/203\/revisions\/229"}],"wp:attachment":[{"href":"https:\/\/www.finanzschweinchen.at\/index.php?rest_route=%2Fwp%2Fv2%2Fmedia&parent=203"}],"curies":[{"name":"wp","href":"https:\/\/api.w.org\/{rel}","templated":true}]}}