{"id":221,"date":"2025-02-14T15:37:38","date_gmt":"2025-02-14T14:37:38","guid":{"rendered":"https:\/\/www.finanzschweinchen.at\/?page_id=221"},"modified":"2025-02-14T15:40:35","modified_gmt":"2025-02-14T14:40:35","slug":"kontakt","status":"publish","type":"page","link":"https:\/\/www.finanzschweinchen.at\/?page_id=221","title":{"rendered":"Kontakt"},"content":{"rendered":"\n<h3 class=\"wp-block-heading\"><strong>Support &amp; Einschulungen<\/strong><\/h3>\n\n\n\n<p>Du hast Fragen zu FinanzSchweinchen oder ben\u00f6tigst Hilfe? Kein Problem! Schreib uns einfach eine E-Mail an <strong><a>support@finanzschweinchen.at<\/a><\/strong>, und wir k\u00fcmmern uns um dein Anliegen.<\/p>\n\n\n\n<p>\ud83d\udce9 <strong>Support-Anfragen:<\/strong> Wir helfen dir bei technischen Problemen, Fragen zur Nutzung oder anderen Anliegen rund um FinanzSchweinchen.<\/p>\n\n\n\n<p>\ud83c\udf93 <strong>Einschulungen auf Anfrage:<\/strong> Du m\u00f6chtest eine Einf\u00fchrung in FinanzSchweinchen oder eine detaillierte Erkl\u00e4rung der Funktionen? Wir bieten <strong>individuelle Einschulungen<\/strong> an \u2013 einfach anfragen!<\/p>\n\n\n\n<p>Wir freuen uns, dir weiterzuhelfen! \ud83d\udc37\ud83d\udca1<\/p>\n\n\n\n<p class=\"has-text-align-center\"><a href=\"https:\/\/www.finanzschweinchen.at\/?page_id=203\">\u00dcber uns<\/a><br><a href=\"https:\/\/www.finanzschweinchen.at\/?page_id=212\">Datenschutz<\/a><\/p>\n\n\n\n<p class=\"has-text-align-center\">\u00a9 2024 FinanzSchweinchen \u2013 Alle Rechte vorbehalten.<\/p>\n\n\n\n<p><\/p>\n","protected":false},"excerpt":{"rendered":"<p>Support &amp; Einschulungen Du hast Fragen zu FinanzSchweinchen oder ben\u00f6tigst Hilfe? Kein Problem! Schreib uns einfach eine E-Mail an support@finanzschweinchen.at, und wir k\u00fcmmern uns um dein Anliegen. \ud83d\udce9 Support-Anfragen: Wir helfen dir bei technischen Problemen, Fragen zur Nutzung oder anderen Anliegen rund um FinanzSchweinchen. \ud83c\udf93 Einschulungen auf Anfrage: Du m\u00f6chtest eine Einf\u00fchrung in FinanzSchweinchen oder [&hellip;]<\/p>\n","protected":false},"author":1,"featured_media":0,"parent":0,"menu_order":0,"comment_status":"closed","ping_status":"closed","template":"page-no-title","meta":{"footnotes":""},"class_list":["post-221","page","type-page","status-publish","hentry"],"_links":{"self":[{"href":"https:\/\/www.finanzschweinchen.at\/index.php?rest_route=\/wp\/v2\/pages\/221","targetHints":{"allow":["GET"]}}],"collection":[{"href":"https:\/\/www.finanzschweinchen.at\/index.php?rest_route=\/wp\/v2\/pages"}],"about":[{"href":"https:\/\/www.finanzschweinchen.at\/index.php?rest_route=\/wp\/v2\/types\/page"}],"author":[{"embeddable":true,"href":"https:\/\/www.finanzschweinchen.at\/index.php?rest_route=\/wp\/v2\/users\/1"}],"replies":[{"embeddable":true,"href":"https:\/\/www.finanzschweinchen.at\/index.php?rest_route=%2Fwp%2Fv2%2Fcomments&post=221"}],"version-history":[{"count":2,"href":"https:\/\/www.finanzschweinchen.at\/index.php?rest_route=\/wp\/v2\/pages\/221\/revisions"}],"predecessor-version":[{"id":228,"href":"https:\/\/www.finanzschweinchen.at\/index.php?rest_route=\/wp\/v2\/pages\/221\/revisions\/228"}],"wp:attachment":[{"href":"https:\/\/www.finanzschweinchen.at\/index.php?rest_route=%2Fwp%2Fv2%2Fmedia&parent=221"}],"curies":[{"name":"wp","href":"https:\/\/api.w.org\/{rel}","templated":true}]}}