{"id":296,"date":"2025-05-16T10:13:53","date_gmt":"2025-05-16T08:13:53","guid":{"rendered":"https:\/\/www.finanzschweinchen.at\/?page_id=296"},"modified":"2025-05-16T10:13:53","modified_gmt":"2025-05-16T08:13:53","slug":"impressum","status":"publish","type":"page","link":"https:\/\/www.finanzschweinchen.at\/?page_id=296","title":{"rendered":"Impressum"},"content":{"rendered":"\n<p><strong>Angaben gem\u00e4\u00df \u00a7 5 ECG &amp; \u00a7 25 MedienG<\/strong><br><em>Stand: 15. Mai 2025<\/em><\/p>\n\n\n\n<p><strong>Medieninhaber und Betreiber der Website:<\/strong><br>Christoph Romstorfer<br>Weitersfeld 291<br>2084 Weitersfeld<br>\u00d6sterreich<\/p>\n\n\n\n<p><strong>E-Mail:<\/strong> <a>support@finanzschweinchen.at<\/a><br><strong>Web:<\/strong> <a class=\"\" href=\"http:\/\/www.finanzschweinchen.at\">www.finanzschweinchen.at<\/a><\/p>\n\n\n\n<h1 class=\"wp-block-heading has-large-font-size\"><strong>Haftungsausschluss<\/strong><\/h1>\n\n\n\n<p><strong>Inhalte der Website:<\/strong><br>Die Inhalte dieser Website wurden mit gr\u00f6\u00dftm\u00f6glicher Sorgfalt erstellt. F\u00fcr die Richtigkeit, Vollst\u00e4ndigkeit und Aktualit\u00e4t der Inhalte wird keine Haftung \u00fcbernommen.<\/p>\n\n\n\n<p><strong>Eigene Subdomains:<\/strong><br>Diese Website enth\u00e4lt Verlinkungen auf eigene Subdomains     (z.\u202fB. <code>app.finanzschweinchen.at<\/code>), die Teil des Angebots von FinanzSchweinchen sind. F\u00fcr Inhalte au\u00dferhalb dieser Domains wird keine Verantwortung \u00fcbernommen.<\/p>\n\n\n\n<p><strong>Hinweis zur App \u201eFinanzSchweinchen\u201c:<\/strong><br>Die Anwendung dient ausschlie\u00dflich der privaten Budgetverwaltung. Es handelt sich nicht um ein Finanzprodukt im rechtlichen Sinne. Die Nutzung erfolgt auf eigene Verantwortung und ersetzt keine Buchhaltung oder Finanzberatung.<\/p>\n\n\n\n<hr class=\"wp-block-separator has-alpha-channel-opacity\"\/>\n\n\n\n<h3 class=\"wp-block-heading\"><strong>Urheberrecht<\/strong><\/h3>\n\n\n\n<p>Die Inhalte und Werke auf dieser Website unterliegen dem \u00f6sterreichischen Urheberrecht. Eine Nutzung au\u00dferhalb der Grenzen des Urheberrechts bedarf der vorherigen Zustimmung des Medieninhabers.<\/p>\n","protected":false},"excerpt":{"rendered":"<p>Angaben gem\u00e4\u00df \u00a7 5 ECG &amp; \u00a7 25 MedienGStand: 15. Mai 2025 Medieninhaber und Betreiber der Website:Christoph RomstorferWeitersfeld 2912084 Weitersfeld\u00d6sterreich E-Mail: support@finanzschweinchen.atWeb: www.finanzschweinchen.at Haftungsausschluss Inhalte der Website:Die Inhalte dieser Website wurden mit gr\u00f6\u00dftm\u00f6glicher Sorgfalt erstellt. F\u00fcr die Richtigkeit, Vollst\u00e4ndigkeit und Aktualit\u00e4t der Inhalte wird keine Haftung \u00fcbernommen. Eigene Subdomains:Diese Website enth\u00e4lt Verlinkungen auf eigene Subdomains [&hellip;]<\/p>\n","protected":false},"author":1,"featured_media":0,"parent":0,"menu_order":0,"comment_status":"closed","ping_status":"closed","template":"","meta":{"footnotes":""},"class_list":["post-296","page","type-page","status-publish","hentry"],"_links":{"self":[{"href":"https:\/\/www.finanzschweinchen.at\/index.php?rest_route=\/wp\/v2\/pages\/296","targetHints":{"allow":["GET"]}}],"collection":[{"href":"https:\/\/www.finanzschweinchen.at\/index.php?rest_route=\/wp\/v2\/pages"}],"about":[{"href":"https:\/\/www.finanzschweinchen.at\/index.php?rest_route=\/wp\/v2\/types\/page"}],"author":[{"embeddable":true,"href":"https:\/\/www.finanzschweinchen.at\/index.php?rest_route=\/wp\/v2\/users\/1"}],"replies":[{"embeddable":true,"href":"https:\/\/www.finanzschweinchen.at\/index.php?rest_route=%2Fwp%2Fv2%2Fcomments&post=296"}],"version-history":[{"count":1,"href":"https:\/\/www.finanzschweinchen.at\/index.php?rest_route=\/wp\/v2\/pages\/296\/revisions"}],"predecessor-version":[{"id":297,"href":"https:\/\/www.finanzschweinchen.at\/index.php?rest_route=\/wp\/v2\/pages\/296\/revisions\/297"}],"wp:attachment":[{"href":"https:\/\/www.finanzschweinchen.at\/index.php?rest_route=%2Fwp%2Fv2%2Fmedia&parent=296"}],"curies":[{"name":"wp","href":"https:\/\/api.w.org\/{rel}","templated":true}]}}